{"id":20923,"date":"2021-09-15T15:43:26","date_gmt":"2021-09-15T13:43:26","guid":{"rendered":"https:\/\/uniquelyhonestcosmetics.com\/blog\/"},"modified":"2024-05-20T12:29:51","modified_gmt":"2024-05-20T10:29:51","slug":"blog","status":"publish","type":"page","link":"https:\/\/uniquelyhonestcosmetics.com\/en\/blog\/","title":{"rendered":"Blog"},"content":{"rendered":"<h2 style=\"text-align: center;\">Uniquely, honest cosmetics<\/h2>\n<hr \/>\n<p style=\"text-align: center;\">Inauguramos nuestro blog como no pod\u00eda ser de otra manera, present\u00e1ndonos y cont\u00e1ndoos qui\u00e9nes somos y lo que hemos venido a hacer. Uniquely ha llegado con una nueva idea y un objetivo claro, ayudarte a reconciliarte con tu piel, d\u00e1ndote la posibilidad de crear tu propia crema en funci\u00f3n de lo que esta necesite en cada momento, del entorno en el que vivas y de los objetivos que t\u00fa te propongas.<\/p>\n<p style=\"text-align: center;\">Nuestra filosof\u00eda sienta sus bases sobre un concepto clave: cada piel es \u00fanica y por lo tanto, su cuidado debe serlo tambi\u00e9n.<\/p>\n<p style=\"text-align: center;\">Tenemos claro que no hay dos pieles iguales, por eso creemos que la personalizaci\u00f3n ha llegado a la cosm\u00e9tica para quedarse. Para nosotros, esta personalizaci\u00f3n se basa en descubrir qu\u00e9 es lo que diferencia a tu piel, en qu\u00e9 aspectos puede mejorar y qu\u00e9 factores son los que m\u00e1s le afectan, para as\u00ed poder dise\u00f1ar una f\u00f3rmula \u00fanica que cubra espec\u00edficamente esas necesidades, sin obligarte a seguir una rutina que incluya demasiados productos para poder abarcar los diferentes requerimientos de tu piel.<\/p>\n<p style=\"text-align: center;\">Otro de nuestros pilares fundamentales es la honestidad, no queremos darle a ninguna piel algo que no necesite, por eso para cada f\u00f3rmula, se seleccionan con mimo los ingredientes activos que van a tener un efecto real sobre ella, asegurando un producto libre de compuestos innecesarios como el alcohol, los parabenos, sulfatos o derivados del petr\u00f3leo, libre de experimentaci\u00f3n animal y amiga de los activos naturales y ecol\u00f3gicos.<\/p>\n<p style=\"text-align: center;\">El desarrollo y la innovaci\u00f3n tambi\u00e9n nos definen, nuestro sistema de diagn\u00f3stico personalizado cuenta con dos fuertes herramientas capaces de trasladar toda la informaci\u00f3n necesaria para el mejor an\u00e1lisis de la piel. La inteligencia artificial nos permite obtener los datos de hidrataci\u00f3n, pigmentaci\u00f3n, p\u00e9rdida de elasticidad, envejecimiento o incluso caracterizar la tipolog\u00eda de tu piel, mediante una fotograf\u00eda y un cuestionario y con ello, nuestro innovador algoritmo es capaz de ofrecerte la que ser\u00e1 la mejor opci\u00f3n para el cuidado de tu piel. Adem\u00e1s, este formato nos permite evolucionar contigo y actualizar tus resultados para adaptarnos en cada ocasi\u00f3n a lo que m\u00e1s necesites.<\/p>\n<p style=\"text-align: center;\">Por \u00faltimo, nos caracteriza el compromiso, no s\u00f3lo el que tenemos contigo y con tu piel, sino tambi\u00e9n el que representa nuestra preocupaci\u00f3n por el mundo que nos rodea. Quien se cuida con Uniquely, est\u00e1 cuidando tambi\u00e9n del planeta, en un concepto m\u00e1s sostenible de cosm\u00e9tica, y est\u00e1 ayudando a causas tan necesarias como la defendida por la fundaci\u00f3n Beyond Suncare, que lucha a diario por la salud y los derechos de las personas que padecen albinismo.<\/p>\n<p style=\"text-align: center;\">Cuidando nuestra piel, podemos cuidar tambi\u00e9n la piel de otras personas.<\/p>\n<p style=\"text-align: center;\">Ahora ya lo sabes, personalizar el cuidado de tu piel y conseguir un cosm\u00e9tico que realmente funcione es posible y muy f\u00e1cil. Con Uniquely, el camino hacia una piel perfecta est\u00e1 a tu alcance.<\/p>\n","protected":false},"excerpt":{"rendered":"Uniquely, honest cosmetics Inauguramos nuestro blog como no pod\u00eda ser de otra manera, present\u00e1ndonos y cont\u00e1ndoos qui\u00e9nes somos y lo que hemos venido a hacer. Uniquely ha llegado con una nueva idea y un objetivo claro, ayudarte a reconciliarte con tu piel, d\u00e1ndote la posibilidad de crear tu propia crema en funci\u00f3n de lo que&#8230; <a class=\"view-article\" href=\"https:\/\/uniquelyhonestcosmetics.com\/en\/blog\/\">View Article<\/a>","protected":false},"author":73,"featured_media":0,"parent":0,"menu_order":0,"comment_status":"closed","ping_status":"closed","template":"templates\/blog.php","meta":{"inline_featured_image":false,"footnotes":""},"class_list":["post-20923","page","type-page","status-publish","hentry"],"acf":[],"yoast_head":"<!-- This site is optimized with the Yoast SEO plugin v21.7 - https:\/\/yoast.com\/wordpress\/plugins\/seo\/ -->\n<title>Blog - Uniquely Honest Cosmetics<\/title>\n<meta name=\"description\" content=\"Nuestra filosof\u00eda sienta sus bases sobre un concepto clave: cada piel es \u00fanica y por lo tanto, su cuidado debe serlo tambi\u00e9n.\" \/>\n<meta name=\"robots\" content=\"index, follow, max-snippet:-1, max-image-preview:large, max-video-preview:-1\" \/>\n<link rel=\"canonical\" href=\"https:\/\/uniquelyhonestcosmetics.com\/en\/blog\/\" \/>\n<meta property=\"og:locale\" content=\"en_US\" \/>\n<meta property=\"og:type\" content=\"article\" \/>\n<meta property=\"og:title\" content=\"Blog - Uniquely Honest Cosmetics\" \/>\n<meta property=\"og:description\" content=\"Nuestra filosof\u00eda sienta sus bases sobre un concepto clave: cada piel es \u00fanica y por lo tanto, su cuidado debe serlo tambi\u00e9n.\" \/>\n<meta property=\"og:url\" content=\"https:\/\/uniquelyhonestcosmetics.com\/en\/blog\/\" \/>\n<meta property=\"og:site_name\" content=\"Uniquely Honest Cosmetics\" \/>\n<meta property=\"article:modified_time\" content=\"2024-05-20T10:29:51+00:00\" \/>\n<meta property=\"og:image\" content=\"https:\/\/uniquelyhonestcosmetics.com\/wp-content\/uploads\/2021\/09\/210721-logo-IPH.png\" \/>\n\t<meta property=\"og:image:width\" content=\"1269\" \/>\n\t<meta property=\"og:image:height\" content=\"309\" \/>\n\t<meta property=\"og:image:type\" content=\"image\/png\" \/>\n<meta name=\"twitter:card\" content=\"summary_large_image\" \/>\n<script type=\"application\/ld+json\" class=\"yoast-schema-graph\">{\"@context\":\"https:\/\/schema.org\",\"@graph\":[{\"@type\":\"WebPage\",\"@id\":\"https:\/\/uniquelyhonestcosmetics.com\/en\/blog\/\",\"url\":\"https:\/\/uniquelyhonestcosmetics.com\/en\/blog\/\",\"name\":\"Blog - Uniquely Honest Cosmetics\",\"isPartOf\":{\"@id\":\"https:\/\/uniquelyhonestcosmetics.com\/en\/#website\"},\"datePublished\":\"2021-09-15T13:43:26+00:00\",\"dateModified\":\"2024-05-20T10:29:51+00:00\",\"description\":\"Nuestra filosof\u00eda sienta sus bases sobre un concepto clave: cada piel es \u00fanica y por lo tanto, su cuidado debe serlo tambi\u00e9n.\",\"breadcrumb\":{\"@id\":\"https:\/\/uniquelyhonestcosmetics.com\/en\/blog\/#breadcrumb\"},\"inLanguage\":\"en-US\",\"potentialAction\":[{\"@type\":\"ReadAction\",\"target\":[\"https:\/\/uniquelyhonestcosmetics.com\/en\/blog\/\"]}]},{\"@type\":\"BreadcrumbList\",\"@id\":\"https:\/\/uniquelyhonestcosmetics.com\/en\/blog\/#breadcrumb\",\"itemListElement\":[{\"@type\":\"ListItem\",\"position\":1,\"name\":\"Portada\",\"item\":\"https:\/\/uniquelyhonestcosmetics.com\/en\/\"},{\"@type\":\"ListItem\",\"position\":2,\"name\":\"Blog\"}]},{\"@type\":\"WebSite\",\"@id\":\"https:\/\/uniquelyhonestcosmetics.com\/en\/#website\",\"url\":\"https:\/\/uniquelyhonestcosmetics.com\/en\/\",\"name\":\"Uniquely Honest Cosmetics\",\"description\":\"Uniquely\",\"publisher\":{\"@id\":\"https:\/\/uniquelyhonestcosmetics.com\/en\/#organization\"},\"potentialAction\":[{\"@type\":\"SearchAction\",\"target\":{\"@type\":\"EntryPoint\",\"urlTemplate\":\"https:\/\/uniquelyhonestcosmetics.com\/en\/?s={search_term_string}\"},\"query-input\":\"required name=search_term_string\"}],\"inLanguage\":\"en-US\"},{\"@type\":\"Organization\",\"@id\":\"https:\/\/uniquelyhonestcosmetics.com\/en\/#organization\",\"name\":\"Uniquely Honest Cosmetics\",\"url\":\"https:\/\/uniquelyhonestcosmetics.com\/en\/\",\"logo\":{\"@type\":\"ImageObject\",\"inLanguage\":\"en-US\",\"@id\":\"https:\/\/uniquelyhonestcosmetics.com\/en\/#\/schema\/logo\/image\/\",\"url\":\"https:\/\/uniquelyhonestcosmetics.com\/wp-content\/uploads\/2021\/09\/210721-logo-IPH.png\",\"contentUrl\":\"https:\/\/uniquelyhonestcosmetics.com\/wp-content\/uploads\/2021\/09\/210721-logo-IPH.png\",\"width\":1269,\"height\":309,\"caption\":\"Uniquely Honest Cosmetics\"},\"image\":{\"@id\":\"https:\/\/uniquelyhonestcosmetics.com\/en\/#\/schema\/logo\/image\/\"},\"sameAs\":[\"https:\/\/www.instagram.com\/uniquelyhonestcosmetics\/?hl=es\",\"https:\/\/www.linkedin.com\/company\/uniquelyhonestcosmetics\/\"]}]}<\/script>\n<!-- \/ Yoast SEO plugin. -->","yoast_head_json":{"title":"Blog - Uniquely Honest Cosmetics","description":"Nuestra filosof\u00eda sienta sus bases sobre un concepto clave: cada piel es \u00fanica y por lo tanto, su cuidado debe serlo tambi\u00e9n.","robots":{"index":"index","follow":"follow","max-snippet":"max-snippet:-1","max-image-preview":"max-image-preview:large","max-video-preview":"max-video-preview:-1"},"canonical":"https:\/\/uniquelyhonestcosmetics.com\/en\/blog\/","og_locale":"en_US","og_type":"article","og_title":"Blog - Uniquely Honest Cosmetics","og_description":"Nuestra filosof\u00eda sienta sus bases sobre un concepto clave: cada piel es \u00fanica y por lo tanto, su cuidado debe serlo tambi\u00e9n.","og_url":"https:\/\/uniquelyhonestcosmetics.com\/en\/blog\/","og_site_name":"Uniquely Honest Cosmetics","article_modified_time":"2024-05-20T10:29:51+00:00","og_image":[{"width":1269,"height":309,"url":"https:\/\/uniquelyhonestcosmetics.com\/wp-content\/uploads\/2021\/09\/210721-logo-IPH.png","type":"image\/png"}],"twitter_card":"summary_large_image","schema":{"@context":"https:\/\/schema.org","@graph":[{"@type":"WebPage","@id":"https:\/\/uniquelyhonestcosmetics.com\/en\/blog\/","url":"https:\/\/uniquelyhonestcosmetics.com\/en\/blog\/","name":"Blog - Uniquely Honest Cosmetics","isPartOf":{"@id":"https:\/\/uniquelyhonestcosmetics.com\/en\/#website"},"datePublished":"2021-09-15T13:43:26+00:00","dateModified":"2024-05-20T10:29:51+00:00","description":"Nuestra filosof\u00eda sienta sus bases sobre un concepto clave: cada piel es \u00fanica y por lo tanto, su cuidado debe serlo tambi\u00e9n.","breadcrumb":{"@id":"https:\/\/uniquelyhonestcosmetics.com\/en\/blog\/#breadcrumb"},"inLanguage":"en-US","potentialAction":[{"@type":"ReadAction","target":["https:\/\/uniquelyhonestcosmetics.com\/en\/blog\/"]}]},{"@type":"BreadcrumbList","@id":"https:\/\/uniquelyhonestcosmetics.com\/en\/blog\/#breadcrumb","itemListElement":[{"@type":"ListItem","position":1,"name":"Portada","item":"https:\/\/uniquelyhonestcosmetics.com\/en\/"},{"@type":"ListItem","position":2,"name":"Blog"}]},{"@type":"WebSite","@id":"https:\/\/uniquelyhonestcosmetics.com\/en\/#website","url":"https:\/\/uniquelyhonestcosmetics.com\/en\/","name":"Uniquely Honest Cosmetics","description":"Uniquely","publisher":{"@id":"https:\/\/uniquelyhonestcosmetics.com\/en\/#organization"},"potentialAction":[{"@type":"SearchAction","target":{"@type":"EntryPoint","urlTemplate":"https:\/\/uniquelyhonestcosmetics.com\/en\/?s={search_term_string}"},"query-input":"required name=search_term_string"}],"inLanguage":"en-US"},{"@type":"Organization","@id":"https:\/\/uniquelyhonestcosmetics.com\/en\/#organization","name":"Uniquely Honest Cosmetics","url":"https:\/\/uniquelyhonestcosmetics.com\/en\/","logo":{"@type":"ImageObject","inLanguage":"en-US","@id":"https:\/\/uniquelyhonestcosmetics.com\/en\/#\/schema\/logo\/image\/","url":"https:\/\/uniquelyhonestcosmetics.com\/wp-content\/uploads\/2021\/09\/210721-logo-IPH.png","contentUrl":"https:\/\/uniquelyhonestcosmetics.com\/wp-content\/uploads\/2021\/09\/210721-logo-IPH.png","width":1269,"height":309,"caption":"Uniquely Honest Cosmetics"},"image":{"@id":"https:\/\/uniquelyhonestcosmetics.com\/en\/#\/schema\/logo\/image\/"},"sameAs":["https:\/\/www.instagram.com\/uniquelyhonestcosmetics\/?hl=es","https:\/\/www.linkedin.com\/company\/uniquelyhonestcosmetics\/"]}]}},"_links":{"self":[{"href":"https:\/\/uniquelyhonestcosmetics.com\/en\/wp-json\/wp\/v2\/pages\/20923"}],"collection":[{"href":"https:\/\/uniquelyhonestcosmetics.com\/en\/wp-json\/wp\/v2\/pages"}],"about":[{"href":"https:\/\/uniquelyhonestcosmetics.com\/en\/wp-json\/wp\/v2\/types\/page"}],"author":[{"embeddable":true,"href":"https:\/\/uniquelyhonestcosmetics.com\/en\/wp-json\/wp\/v2\/users\/73"}],"replies":[{"embeddable":true,"href":"https:\/\/uniquelyhonestcosmetics.com\/en\/wp-json\/wp\/v2\/comments?post=20923"}],"version-history":[{"count":3,"href":"https:\/\/uniquelyhonestcosmetics.com\/en\/wp-json\/wp\/v2\/pages\/20923\/revisions"}],"predecessor-version":[{"id":26320,"href":"https:\/\/uniquelyhonestcosmetics.com\/en\/wp-json\/wp\/v2\/pages\/20923\/revisions\/26320"}],"wp:attachment":[{"href":"https:\/\/uniquelyhonestcosmetics.com\/en\/wp-json\/wp\/v2\/media?parent=20923"}],"curies":[{"name":"wp","href":"https:\/\/api.w.org\/{rel}","templated":true}]}}